{"id":51,"date":"2023-09-19T04:40:21","date_gmt":"2023-09-19T04:40:21","guid":{"rendered":"https:\/\/demoapus1.com\/boxcar\/?page_id=51"},"modified":"2025-06-17T12:42:46","modified_gmt":"2025-06-17T12:42:46","slug":"terms-and-conditions","status":"publish","type":"page","link":"https:\/\/hungarodealer.hu\/hu\/terms-and-conditions\/","title":{"rendered":"Felhaszn\u00e1l\u00e1si felt\u00e9telek"},"content":{"rendered":"<div data-elementor-type=\"wp-page\" data-elementor-id=\"51\" class=\"elementor elementor-51\">\n\t\t\t\t<div class=\"elementor-element elementor-element-228ac86 e-con-full e-flex e-con e-parent\" data-id=\"228ac86\" data-element_type=\"container\" data-settings=\"{&quot;background_background&quot;:&quot;classic&quot;}\">\n\t\t<div class=\"elementor-element elementor-element-5b4bab4 e-con-full e-flex e-con e-child\" data-id=\"5b4bab4\" data-element_type=\"container\">\n\t\t\t\t<div class=\"elementor-element elementor-element-d74be08 elementor-widget elementor-widget-spacer\" data-id=\"d74be08\" data-element_type=\"widget\" data-widget_type=\"spacer.default\">\n\t\t\t\t<div class=\"elementor-widget-container\">\n\t\t\t\t\t\t\t<div class=\"elementor-spacer\">\n\t\t\t<div class=\"elementor-spacer-inner\"><\/div>\n\t\t<\/div>\n\t\t\t\t\t\t<\/div>\n\t\t\t\t<\/div>\n\t\t\t\t<\/div>\n\t\t\t\t<\/div>\n\t\t<div class=\"elementor-element elementor-element-dca86d3 e-flex e-con-boxed elementor-invisible e-con e-parent\" data-id=\"dca86d3\" data-element_type=\"container\" data-settings=\"{&quot;animation&quot;:&quot;slide-up&quot;}\">\n\t\t\t\t\t<div class=\"e-con-inner\">\n\t\t<div class=\"elementor-element elementor-element-9288ece e-con-full e-flex e-con e-child\" data-id=\"9288ece\" data-element_type=\"container\">\n\t\t\t\t<div class=\"elementor-element elementor-element-6681906 elementor-widget elementor-widget-heading\" data-id=\"6681906\" data-element_type=\"widget\" data-widget_type=\"heading.default\">\n\t\t\t\t<div class=\"elementor-widget-container\">\n\t\t\t\t\t<h2 class=\"elementor-heading-title elementor-size-default\">Felhaszn\u00e1l\u00e1si felt\u00e9telek<\/h2>\t\t\t\t<\/div>\n\t\t\t\t<\/div>\n\t\t\t\t<div class=\"elementor-element elementor-element-135c040 elementor-widget elementor-widget-heading\" data-id=\"135c040\" data-element_type=\"widget\" data-widget_type=\"heading.default\">\n\t\t\t\t<div class=\"elementor-widget-container\">\n\t\t\t\t\t<h2 class=\"elementor-heading-title elementor-size-default\">ADATKEZEL\u00c9SI T\u00c1J\u00c9KOZTAT\u00d3 A WEBLAP L\u00c1TOGAT\u00d3I R\u00c9SZ\u00c9RE<\/h2>\t\t\t\t<\/div>\n\t\t\t\t<\/div>\n\t\t\t\t<div class=\"elementor-element elementor-element-cb1fd27 elementor-widget elementor-widget-text-editor\" data-id=\"cb1fd27\" data-element_type=\"widget\" data-widget_type=\"text-editor.default\">\n\t\t\t\t<div class=\"elementor-widget-container\">\n\t\t\t\t\t\t\t\t\t<p>Hungaro Dealer Kft. mint adatkezel\u0151 a hungarodealer.hu weboldal l\u00e1togat\u00e1s\u00e1ra vonatkoz\u00f3 adatokkal<br \/>kapcsolatban az inform\u00e1ci\u00f3k szerint t\u00e1j\u00e9koztatja a felhaszn\u00e1l\u00f3kat, l\u00e1togat\u00f3kat, mint \u00e9rintetteket.\u00a0\u00a0<\/p><p>ADATKEZELI ADATOK<br \/>N\u00e9v: Hungaro Dealer Kft.<br \/>C\u00edm: 1085 Budapest, J\u00f3zsef krt. 36. fsz. 5.<br \/>Adatkezel\u0151 k\u00e9pvisel\u0151je: Kerekes Andr\u00e1s<br \/>Az adatkezel\u0151 adatv\u00e9delemmel kapcsolatos el\u00e9rhet\u0151s\u00e9ge: info@hungarodealer.hu, +36 30 9415 490<br \/>A GDPR 37. cikke alapj\u00e1n nincs sz\u00fcks\u00e9g adatv\u00e9delmi k\u00e9pvisel\u0151 kinevez\u00e9s\u00e9re.\u00a0\u00a0<br \/>Adatv\u00e9delmi megb\u00edzott neve, el\u00e9rhet\u0151s\u00e9ge: Kerekes Andr\u00e1s, info@hungarodealer.hu<br \/>A T\u00c1J\u00c9KOZTAT\u00d3 C\u00c9LJA<br \/>A jelen t\u00e1j\u00e9koztat\u00f3 az adatkezel\u0151 egyoldal\u00fa k\u00f6telezetts\u00e9gv\u00e1llal\u00e1sa az Eur\u00f3pai Parlament \u00e9s Tan\u00e1cs<br \/>(EU) 2016\/679 rendelete (2016. \u00e1prilis 27.) \u00e9s a vonatkoz\u00f3 k\u00f6z\u00f6ss\u00e9gi jogszab\u00e1lyok ment\u00e9n. Jelen<br \/>t\u00e1j\u00e9koztat\u00f3 az adatkezel\u0151 \u00e1ltal b\u00e1rmikor egyoldal\u00faan m\u00f3dos\u00edthat\u00f3 \u00e9s\/vagy visszavonhat\u00f3 az \u00c9rintettek<br \/>egyidej\u0171 t\u00e1j\u00e9koztat\u00e1s\u00e1val. A t\u00e1j\u00e9koztat\u00e1s a honlapon t\u00f6rt\u00e9n\u0151 k\u00f6zz\u00e9t\u00e9tellel, illetve a v\u00e1ltoz\u00e1s jelleg\u00e9t\u0151l<br \/>att\u00f3l f\u00fcgg\u0151en az \u00c9rintett k\u00f6zvetlen \u00e9rtes\u00edt\u00e9s\u00e9vel val\u00f3sul meg.<br \/>ALAPFOGALMAK A SZEM\u00c9LYES ADATOKKAL KAPCSOLATBAN<br \/>adatv\u00e9delem \u2013 a szem\u00e9lyes adatok jogszer\u0171 kezel\u00e9s\u00e9t, az \u00e9rintett szem\u00e9lyek v\u00e9delm\u00e9t biztos\u00edt\u00f3<br \/>alapelvek, szab\u00e1lyok, elj\u00e1r\u00e1sok, adatkezel\u00e9si eszk\u00f6z\u00f6k \u00e9s m\u00f3dszerek \u00f6sszess\u00e9ge\u00a0\u00a0<br \/>szem\u00e9lyes adat: azonos\u00edtott vagy azonos\u00edthat\u00f3 term\u00e9szetes szem\u00e9lyre (\u00e9rintett) vonatkoz\u00f3 minden<br \/>inform\u00e1ci\u00f3 \u2013 azonos\u00edthat\u00f3 az a term\u00e9szetes szem\u00e9ly, aki k\u00f6zvetlen vagy k\u00f6zvetett m\u00f3don, k\u00fcl\u00f6n\u00f6sen<br \/>valamely azonos\u00edt\u00f3 \u2013 pl. n\u00e9v, sz\u00e1m, helymeghat\u00e1roz\u00f3 adat, online azonos\u00edt\u00f3 vagy a term\u00e9szetes<br \/>szem\u00e9ly testi, fiziol\u00f3giai, genetikai, szellemi, gazdas\u00e1gi, kultur\u00e1lis vagy szoci\u00e1lis azonoss\u00e1g\u00e1ra<br \/>vonatkoz\u00f3 egy vagy t\u00f6bb t\u00e9nyez\u0151 alapj\u00e1n azonos\u00edthat\u00f3<br \/>\u00e9rintett: b\u00e1rmely meghat\u00e1rozott, szem\u00e9lyes adat alapj\u00e1n azonos\u00edtott vagy \u2013 k\u00f6zvetlen\u00fcl vagy k\u00f6zvetve<br \/>\u2013 azonos\u00edthat\u00f3 term\u00e9szetes szem\u00e9ly<br \/>adatkezel\u0151: az a szem\u00e9ly vagy szervezet aki\/amely \u00f6n\u00e1ll\u00f3an vagy m\u00e1sokkal egy\u00fctt hat\u00e1rozza meg a<br \/>szem\u00e9lyes adatok kezel\u00e9s\u00e9nek c\u00e9lja, azaz az adatkezel\u00e9s ok\u00e1t \u00e9s m\u00f3dj\u00e1t (bele\u00e9rtve a felhaszn\u00e1l\u00e1st<br \/>eszk\u00f6zt is), meghozza a vonatkoz\u00f3 d\u00f6nt\u00e9seket, azokat v\u00e9grehajtja vagy az \u00e1ltala megb\u00edzott<br \/>adatfeldolgoz\u00f3val v\u00e9grehajtatja, d\u00f6nt, hogy mi legyen az adatokkal az adatfeldolgoz\u00e1s v\u00e9g\u00e9n;\u00a0\u00a0<br \/>adatfeldolgoz\u00f3: az a vagy szervezet aki\/amely az adatkezel\u0151 megb\u00edz\u00e1s\u00e1b\u00f3l \u2013 szem\u00e9ly tartalmazza a<br \/>jogszab\u00e1ly rendelkez\u00e9se alapj\u00e1n meghat\u00e1rozott megb\u00edz\u00e1st is \u2013 az adatok feldolgoz\u00e1s\u00e1t, az adatkezel\u0151t<br \/>nev\u00e9ben szem\u00e9lyes adatokat kezel, az adatkezel\u0151 utas\u00edt\u00e1sait arra k\u00f6vetelik, hogy mit tegyen<br \/>az adatokkal (pl. k\u00fcls\u0151s informatikai szolg\u00e1ltat\u00f3, amely t\u00e1rolja a c\u00e9g adatait, kiszervezett b\u00e9rsz\u00e1mfejt\u0151)<br \/>\u00e9s seg\u00edti az adatkezel\u0151t a GDPR-nek val\u00f3 megfelel\u00e9sben. Soha nem hat\u00e1rozhatja meg az adatkezel\u00e9st<br \/>c\u00e9lj\u00e1t\u00a0<br \/>harmadik szem\u00e9ly: olyan term\u00e9szetes szem\u00e9ly vagy jogi szem\u00e9ly vagy b\u00e1rmely egy\u00e9b szerv aki, vagy<br \/>amely nem azonos az \u00e9rintettel, adatkezel\u0151vel vagy adatfeldolgoz\u00f3val, vagy azokkal a szem\u00e9lyekkel,<br \/>akik az adatkezel\u0151 vagy adatfeldolgoz\u00f3 k\u00f6zvetlen ir\u00e1ny\u00edt\u00e1sa alatt a szem\u00e9lyes adatok kezel\u00e9s\u00e9re<br \/>felhatalmaz\u00e1sb\u00f3l kaptak<br \/>adatkezel\u00e9s: az alkalmazott elj\u00e1r\u00e1st\u00f3l f\u00fcggetlen\u00fcl (automatiz\u00e1lt \/ nem automatiz\u00e1lt) a szem\u00e9lyes<br \/>adatokon v\u00e9gzett minden m\u0171velet vagy a m\u0171veletek \u00f6sszess\u00e9ge (gy\u0171jt\u00e9s, felv\u00e9tel, r\u00f6gz\u00edt\u00e9s,<br \/>rendszerez\u00e9s, tagol\u00e1s, t\u00e1rol\u00e1s, \u00e1talak\u00edt\u00e1s, megv\u00e1ltoztat\u00e1s, felhaszn\u00e1l\u00e1s, betekint\u00e9s, lek\u00e9rdez\u00e9s,<br \/>terjeszt\u00e9s, terjeszt\u00e9s, nyilv\u00e1noss\u00e1grahozatal, \u00f6sszehangol\u00e1s \/ \u00f6sszekapcsol\u00e1s, z\u00e1rol\u00e1s, t\u00f6rl\u00e9s,<br \/>megsemmis\u00edt\u00e9s) valamint az adatok tov\u00e1bbi felhaszn\u00e1l\u00e1s\u00e1nak le\u00edr\u00e1sa \u2013 a f\u00e9nyk\u00e9p-, hang-<br \/>vagy k\u00e9pfelv\u00e9tel k\u00e9sz\u00edt\u00e9se, valamint a szem\u00e9ly azonos\u00edt\u00e1s\u00e1ra alkalmas fizikai jellemz\u0151k (pl. ujj- vagy<br \/>teny\u00e9rnyomat, DNS-minta, \u00edriszk\u00e9p) r\u00f6gz\u00edt\u00e9se<\/p><p>adatfeldolgoz\u00e1s: az adatkezel\u00e9si m\u0171veletekhez kapcsol\u00f3d\u00f3 technikai feladatok elv\u00e9gz\u00e9se, f\u00fcggetlen<br \/>a m\u0171veletek v\u00e9grehajt\u00e1s\u00e1hoz alkalmazott m\u00f3dszerekt\u0151l \u00e9s eszk\u00f6z\u00f6kt\u0151l, valamint az alkalmaz\u00e1st\u00f3l<br \/>hely\u00e9t\u0151l\u00a0\u00a0<\/p><p>adat k\u00fcld: ha az adatot meghat\u00e1rozott harmadik szem\u00e9ly sz\u00e1m\u00e1ra hozz\u00e1f\u00e9rhet\u0151v\u00e9 teszik,\u00a0<br \/>nyilv\u00e1noss\u00e1grahozatal: az adatot b\u00e1rki sz\u00e1m\u00e1ra hozz\u00e1f\u00e9rhet\u0151v\u00e9 t\u00e9tele<br \/>adatt\u00f6rl\u00e9s: az adatok felismerhetetlenn\u00e9 t\u00e9tele oly m\u00f3don, hogy a helyre\u00e1ll\u00edt\u00e1suk t\u00f6bb\u00e9 nem<br \/>lehets\u00e9ges\u00a0<\/p><p>ADATKEZEL\u00c9SI ALAPOK<br \/>Az adatkezel\u0151 \u00e1ltal, illetve az adatkezel\u0151 szervezetben a c\u00e9l megval\u00f3s\u00edt\u00e1s\u00e1hoz sz\u00fcks\u00e9ges kezel\u0151 sz\u00e1m\u00e1ra<br \/>\u00e9s ideig csak olyan szem\u00e9lyes \u00e9s k\u00fcl\u00f6nleges adat kezelhet\u0151, amely az adatkezel\u00e9s c\u00e9lj\u00e1nak<br \/>megval\u00f3s\u00edt\u00e1s\u00e1hoz sz\u00fcks\u00e9ges \u00e9s a c\u00e9l el\u00e9r\u00e9s\u00e9hez alkalmas. (adatkezel\u00e9s c\u00e9lja \u00e9s ideje)\u00a0<br \/>A szem\u00e9lyes adatok:<br \/>1.kezel\u00e9s\u00e9t jogszer\u0171en \u00e9s tisztess\u00e9gesen, valamint az \u00e9rintett sz\u00e1m\u00e1ra biztos\u00edtott m\u00f3don az<br \/>Adatkezel\u0151 \u2013 jogszer\u0171s\u00e9g, tisztess\u00e9ges elj\u00e1r\u00e1s \u00e9s \u00e1tl\u00e1that\u00f3s\u00e1g<br \/>2. gy\u0171jt\u00e9se \u00e9s kezel\u00e9se csak meghat\u00e1rozott, egy\u00e9rtelm\u0171en \u00e9s jogszer\u0171 c\u00e9lb\u00f3l t\u00f6rt\u00e9nik, \u00e9s azokat az<br \/>Adatkezel\u0151 nem kezeli ezekkel a c\u00e9lokkal \u00f6ssze nem egyeztethet\u0151 m\u00f3don \u2013 c\u00e9lhoz k\u00f6t\u00f6tts\u00e9g<br \/>3.csak annyi adat ker\u00fcl gy\u0171jt\u00e9sre \u00e9s kezel\u00e9sre, amennyi a c\u00e9l el\u00e9r\u00e9s\u00e9hez sz\u00fcks\u00e9ges,<br \/>az Adatkezel\u0151 ker\u00fcli a felesleges \u00e9s irrelev\u00e1ns adatok gy\u0171jt\u00e9s\u00e9t \u00e9s t\u00e1rol\u00e1s\u00e1t \u2013 adattakar\u00e9koss\u00e1g<br \/>4.pontosak \u00e9s sz\u00fcks\u00e9g eset\u00e9n naprak\u00e9szek, minden \u00e9szszer\u0171 int\u00e9zked\u00e9st megtesz az adatkezel\u0151<br \/>annak \u00e9rdek\u00e9ben, hogy az adatkezel\u00e9s c\u00e9ljai szempontj\u00e1b\u00f3l pontatlan szem\u00e9lyes adatokat<br \/>halad\u00e9ktalanul t\u00f6r\u00f6lje vagy helyesb\u00edtse \u2013 pontoss\u00e1g<br \/>5.t\u00e1rol\u00e1sa olyan form\u00e1ban t\u00f6rt\u00e9nik, amely az \u00e9rintettek azonos\u00edt\u00e1s\u00e1t csak a szem\u00e9lyes adatok<br \/>c\u00e9ljainak el\u00e9r\u00e9s\u00e9hez sz\u00fcks\u00e9ges kezel\u00e9s ideig lehet\u0151v\u00e9 \u2013 korl\u00e1tozott t\u00e1rol\u00e1shat\u00f3s\u00e1g<br \/>6.kezel\u00e9s\u00e9t oly m\u00f3don az adatkezel\u0151, hogy megfelel\u0151 technika vagy szervez\u00e9si<br \/>int\u00e9zked\u00e9sek haszn\u00e1lat\u00e1val biztos\u00edtva legyen a szem\u00e9lyes adatok megfelel\u0151 biztons\u00e1ga, az adatok<br \/>jogosulatlan vagy jogellenes kezel\u00e9s\u00e9vel, v\u00e9letlen elveszt\u00e9s\u00e9vel, megsemmis\u00edt\u00e9s\u00e9vel vagy<br \/>k\u00e1r\u00e1val szembeni v\u00e9delmet is ide\u00e9rtve \u2013 integrit\u00e1s \u00e9s bizalmi jelleg<br \/>Az adatkezel\u0151 felel\u0151s az adatv\u00e9delmi alapelveknek val\u00f3 megfelel\u00e9s\u00e9rt, tov\u00e1bb\u00e1 k\u00e9pes e megfelel\u00e9s<br \/>igazol\u00e1s\u00e1ra \u2013 elsz\u00e1moltathat\u00f3s\u00e1g.<br \/>Az adatkezel\u0151, mint a hungarodealer.hu weboldal \u00fczemeltet\u0151je csakis olyan szem\u00e9lyes adatokat kezel,<br \/>amelyhez el\u0151zetesen a l\u00e1togat\u00f3 ad\u00e1st \u00e9s megfelel\u0151 t\u00e1j\u00e9koztat\u00e1st kap az adatfelv\u00e9tel m\u00f3dj\u00e1r\u00f3l,<br \/>c\u00e9lj\u00e1r\u00f3l \u00e9s elveir\u0151l. Az adatkezel\u0151 kiz\u00e1r\u00f3lag meghat\u00e1rozott c\u00e9lb\u00f3l kezeli az adatokat, jog<br \/>gyakorl\u00e1sa \u00e9s k\u00f6telezetts\u00e9g teljes\u00edt\u00e9se \u00e9rdek\u00e9ben. Az adatok kezel\u00e9se a l\u00e1togat\u00f3k sz\u00e1m\u00e1ra vil\u00e1gos<br \/>c\u00e9llal t\u00f6rt\u00e9nik \u00e9s az adatokat csak a jogszab\u00e1ly \u00e1ltal el\u0151\u00edrt ideig vannak meg\u0151rizve. Kiz\u00e1r\u00f3lag olyan<br \/>szem\u00e9lyes adatok kezel\u00e9se t\u00f6rt\u00e9nik, amely az adatc\u00e9lj\u00e1nak megval\u00f3sul\u00e1s\u00e1hoz n\u00e9lk\u00fcl\u00f6zhetetlen.<br \/>A szem\u00e9lyes adatok kezel\u00e9se csak a c\u00e9l megval\u00f3s\u00edt\u00e1s\u00e1hoz sz\u00fcks\u00e9ges m\u00e9rt\u00e9kben t\u00f6rt\u00e9nik. Az<br \/>adatkezel\u00e9s c\u00e9lja, hogy a weblapon l\u00e9v\u0151 kapcsolati \u0171rlapokon (aj\u00e1nlatk\u00e9r\u00e9s, kapcsolat) kereszt\u00fcl az<br \/>adatkezel\u0151 fel tudja venni az \u00e9rdekl\u0151d\u0151kkel a kapcsolatot \u00e9s \u00edgy a szolg\u00e1ltat\u00e1st tudja<br \/>hirdeteni. Minden olyan esetben, amikor a t\u00e1j\u00e9koztat\u00e1st nem az eredeti c\u00e9lnak megfelel\u0151en<br \/>k\u00edv\u00e1nja az adatfeldolgoz\u00f3 felhaszn\u00e1lni, err\u0151l el\u0151zetesen k\u00f6teles a l\u00e1togat\u00f3t t\u00e1j\u00e9kozatni \u00e9s a<br \/>hozz\u00e1j\u00e1rul\u00e1s\u00e1t k\u00e9rni, esetleg kell a sz\u00e1m\u00e1ra, hogy adatainak felhaszn\u00e1l\u00e1s\u00e1t<br \/>megtiltsa.\u00a0<br \/>A l\u00e1togat\u00f3 k\u00e9rheti, hogy t\u00e1j\u00e9koztassa legyen szem\u00e9lyes adatai kezel\u00e9s\u00e9r\u0151l, vagy ha \u00fagy d\u00f6nt, akkor a<br \/>szem\u00e9lyes adatai t\u00f6rl\u00e9s\u00e9r\u0151l. Ha ilyen k\u00e9r\u00e9sek el\u0151fordulnak, akkor az adatkezel\u0151 k\u00f6teles a lehet\u0151<br \/>legr\u00f6videbb id\u0151 alatt eleget tenni ennek. Ez az id\u0151 nem lehet t\u00f6bb, mint 30 nap.\u00a0<br \/>Az adatkezel\u0151 az \u00e1ltala kezelt szem\u00e9lyes adatokat harmadik szem\u00e9ly r\u00e9sz\u00e9re csak a felhaszn\u00e1l\u00f3 \u00e1ltal<br \/>haszn\u00e1lt szolg\u00e1ltat\u00e1sainak fejleszt\u00e9se \u00e9s\/vagy m\u0171k\u00f6dtet\u00e9se \u00e9rdek\u00e9ben tov\u00e1bb\u00edtja. Az adatkezel\u0151 az<br \/>\u00e1ltala kezelt szem\u00e9lyes adatok harmadik szem\u00e9ly c\u00e9ljainak \u00e9rdek\u00e9ben nem haszn\u00e1l fel, \u00e9s azokkal<br \/>semmi egy\u00e9b m\u00f3don nem \u00e9l vissza.<br \/>A weboldal k\u00fcls\u0151 (nem az adatkezel\u0151 \u00e1ltal kezelt) szerverre mutat\u00f3 hivatkoz\u00e1sokat tartalmaz. Ezen<br \/>linkeken el\u00e9rhet\u0151 oldalak elhelyezhetik saj\u00e1t \u201es\u00fcti\u201d vagy egy\u00e9b f\u00e1jljaikat a sz\u00e1m\u00edt\u00f3g\u00e9pen, adatokat<br \/>gy\u0171jthetnek, vagy szem\u00e9lyes adatokat k\u00e9rhetnek. Ezek\u00e9rt az adatkezel\u0151 minden felel\u0151ss\u00e9get kiz\u00e1rja.\u00a0<\/p><p>ADATKEZEL\u00c9S WEBOLDALON<br \/>A weboldal l\u00e1togat\u00f3inak adatai<br \/>A hungarodealer.huweboldal\u00e1nak egyes r\u00e9szei \u00fan. &#039;cookie&#039;-kat helyezhetnek el a l\u00e1togat\u00f3k sz\u00e1m\u00edt\u00f3g\u00e9p\u00e9n.<br \/>Ezek \u2013 egy\u00e9b l\u00e1togat\u00f3sz\u00e1mot m\u00e9r\u0151 m\u00f3dszerekkel egy\u00fctt \u2013 a weboldal adott oldalainak<br \/>l\u00e1togatotts\u00e1g\u00e1r\u00f3l sz\u00f3l\u00f3 inform\u00e1ci\u00f3kat. Nem gy\u0171jt be szem\u00e9lyes adatokat az egyes l\u00e1togat\u00f3kr\u00f3l, \u00e9s<br \/>az inform\u00e1ci\u00f3 kiz\u00e1r\u00f3lag egy\u00fcttes megjelen\u00e9s meg. E technol\u00f3gi\u00e1nak \u00e9s szolg\u00e1ltat\u00e1snak<br \/>inform\u00e1ci\u00f3knak c\u00e9lja weboldal fejleszt\u00e9se, valamint a visszat\u00e9r\u0151 l\u00e1togat\u00f3k el\u00e9rhet\u0151s\u00e9geinek \u00e9s<br \/>szem\u00e9lyes adatok t\u00e1rol\u00e1sa k\u00e9s\u0151bbi l\u00e1togat\u00e1sokhoz. A l\u00e1togat\u00f3 a saj\u00e1t sz\u00e1m\u00edt\u00f3g\u00e9p\u00e9r\u0151l ki tudja t\u00f6r\u00f6lni<br \/>a cookie-kat, illetve ha akarja meg is tilthatja alkalmaz\u00e1sukat.<br \/>A \u201ecookie\u201d-ra vonatkoz\u00f3 r\u00e9szleteket a COOKIE-HASZN\u00c1LATTAL (S\u00dcTI) KAPCSOLATOS<br \/>NYILATKOZAT tartalmaza.<br \/>Aj\u00e1nlatk\u00e9r\u00e9s \u2013 aj\u00e1nlatt\u00e9tel<br \/>Jogalap: A l\u00e1togat\u00f3 \u00f6nk\u00e9ntes hozz\u00e1j\u00e1rul\u00e1sa, mely akkor t\u00f6rt\u00e9nik, amikor e-mailt k\u00fcld hungarodealer.hu<br \/>weboldalon kereszt\u00fcl. A l\u00e1togat\u00f3 addig nem is tud e-mailt k\u00fcldeni, am\u00edg hozz\u00e1 nem j\u00e1rul, hogy az<br \/>adatkezel\u0151 kezelhesse az adatait.<br \/>Kezelt adatok k\u00f6re: N\u00e9v, e-mail c\u00edm, telefonsz\u00e1m vagy b\u00e1rmilyen m\u00e1s szem\u00e9lyes adat, melyet az<br \/>\u00fczenet r\u00e9szbe \u00edr be \u00f6nk\u00e9nt a l\u00e1togat\u00f3.<br \/>Adatkezel\u00e9s c\u00e9lja: A be\u00e9rkezett aj\u00e1nlatok \u00f6sszegy\u0171jt\u00e9se \u00e9s az aj\u00e1nlott adatok alapj\u00e1n aj\u00e1nlatad\u00e1s az<br \/>aktu\u00e1lis szolg\u00e1ltat\u00e1sra. K\u00e9s\u0151bbiekben pedig a l\u00e1togat\u00f3val val\u00f3 kapcsolattart\u00e1s.<br \/>Adatkezel\u0151 szem\u00e9lyek: Kerekes Andr\u00e1s \u00fcgyvezet\u0151<br \/>Adatkezel\u00e9s ideje: Az adatkezel\u0151 a szem\u00e9lyes adatokat az adatkezel\u00e9s c\u00e9lj\u00e1nak ideje alatt kezeli.<br \/>Teh\u00e1t a bej\u00f6v\u0151 aj\u00e1nlatk\u00e9r\u00e9st\u0151l sz\u00e1m\u00edtva maximum 30 napig. Ez abban az esetben m\u00f3dosulhat,<br \/>akkor a l\u00e1togat\u00f3 k\u00e9ri az adatainak t\u00f6rl\u00e9s\u00e9t vagy a hozz\u00e1j\u00e1rul\u00e1st visszavonja.<br \/>Kapcsolat<br \/>Jogalap: a l\u00e1togat\u00f3 \u00f6nk\u00e9ntes hozz\u00e1j\u00e1rul\u00e1sa, mely akkor t\u00f6rt\u00e9nik, amikor e-mailt k\u00fcldhungarodealer.hu<br \/>weboldalon kereszt\u00fcl. A l\u00e1togat\u00f3 addig nem is tud e-mailt k\u00fcldeni, am\u00edg hozz\u00e1 nem j\u00e1rul, hogy az<br \/>adatkezel\u0151 kezelhesse az adatait.<br \/>Kezelt adatok k\u00f6re: N\u00e9v, e-mail c\u00edm, telefonsz\u00e1m.<br \/>Adatkezel\u00e9s c\u00e9lja: A l\u00e1togat\u00f3k \u00e9szrev\u00e9teleinek \u00e9s reag\u00e1l\u00e1s\u00e1nak gy\u0171jt\u00e9se, hogy az adatkezel\u0151 min\u00e9l t\u00f6bbet<br \/>jobb weblappal tudjon megjelenni a l\u00e1togat\u00f3k el\u0151tt. Szolg\u00e1ltat\u00e1s \u00e9rt\u00e9kes\u00edt\u00e9s\u00e9re az aj\u00e1nlatk\u00e9r\u0151 \u0171rlapon<br \/>biztos lehet\u00f5s\u00e9get.<br \/>Adatok kezel\u00e9s\u00e9nek ideje: A nyilatkozat visszavon\u00e1s\u00e1ig.<br \/>ADATBIZTONS\u00c1G \u00c9S C\u00cdMZETTEK<\/p><p>A hungarodealer.hu weboldal a Rackforestt Kft. c\u00e9g szerveren tal\u00e1lhat\u00f3 (a c\u00e9g adatai: Sz\u00e9khely: 1132 Budapest,<br \/>Victor Hugo utca 11. 5. emelet B05001., Ad\u00f3sz\u00e1m: 14671858-2-41). Ezen v\u00e1llalkoz\u00e1s adatfeldolgoz\u00e1si<br \/>tev\u00e9kenys\u00e9get v\u00e9gez a weblap \u00fczemeltet\u00e9s\u00e9vel \u00f6sszef\u00fcgg\u00e9sben.<br \/>Az adatkezel\u0151 v\u00e9di az adatokat k\u00fcl\u00f6n\u00f6sen a jogosulatlan hozz\u00e1f\u00e9r\u00e9s, megv\u00e1ltoztat\u00e1s, term\u00e9k,<br \/>nyilv\u00e1noss\u00e1gra hozatal, t\u00f6rl\u00e9s vagy megsemmis\u00edt\u00e9s, a v\u00e9letlen megsemmis\u00fcl\u00e9s \u00e9s s\u00e9r\u00fcl\u00e9s ellen.<br \/>Az adatkezel\u0151 a szerver \u00fczemeltet\u0151j\u00e9vel egy\u00fctt olyan szervez\u00e9si, technikai, szervezeti int\u00e9zked\u00e9sekkel<br \/>gondoskodik az adatok biztons\u00e1g\u00e1r\u00f3l, ami az adatkezel\u00e9ssel kapcsolatban jelentkez\u0151 kock\u00e1zatoknak<br \/>megfelel\u0151 v\u00e9delmi szintet ny\u00fajt.<br \/>AZ \u00c9RINTETTEK (l\u00e1togat\u00f3k) JOGAI<br \/>\uf0b7\u00c1tl\u00e1that\u00f3 t\u00e1j\u00e9koztat\u00e1s, kommunik\u00e1ci\u00f3 \u00e9s az \u00e9rintett joggyakorl\u00e1s el\u0151seg\u00edt\u00e9se\u00a0<br \/>\uf0b7El\u0151zetes t\u00e1j\u00e9koz\u00f3d\u00e1shoz val\u00f3 jog \u2013 ha a szem\u00e9lyes adatokat az \u00e9rintett\u0151l gy\u0171jtik\u00a0<br \/>\uf0b7Az \u00e9rintett t\u00e1j\u00e9koztat\u00e1sa \u00e9s a rendelkez\u00e9sre bocs\u00e1tand\u00f3 inform\u00e1ci\u00f3k, ha a szem\u00e9lyes<br \/>adatokat az adatkezel\u0151 nem t\u0151le szerez meg<br \/>\uf0b7Az \u00e9rintett hozz\u00e1f\u00e9r\u00e9si joga<br \/>\uf0b7A helyesb\u00edt\u00e9shez val\u00f3 jog<br \/>\uf0b7A t\u00f6rl\u00e9shez val\u00f3 jog (az elfeledtet\u00e9shez val\u00f3 jog)<br \/>\uf0b7Az adatkezel\u00e9s korl\u00e1toz\u00e1s\u00e1hoz val\u00f3 jog<br \/>\uf0b7A szem\u00e9lyes adatok helyesb\u00edt\u00e9s\u00e9hez vagy t\u00f6rl\u00e9s\u00e9hez, illetve az adatkezel\u00e9s korl\u00e1toz\u00e1s\u00e1hoz<br \/>kapcsol\u00f3d\u00f3 \u00e9rtes\u00edt\u00e9si k\u00f6telezetts\u00e9g<br \/>\uf0b7Az adathordozhat\u00f3s\u00e1ghoz val\u00f3 jog<br \/>\uf0b7A tiltakoz\u00e1shoz val\u00f3 jog<br \/>\uf0b7Automatiz\u00e1lt d\u00f6nt\u00e9shozatal egyedi \u00fcgyekben, bele\u00e9rtve a profilalkot\u00e1st\u00a0<br \/>\uf0b7Korl\u00e1toz\u00e1sok\u00a0\u00a0<br \/>\uf0b7Az \u00e9rintett t\u00e1j\u00e9koztat\u00e1sa az adatv\u00e9delmi incidensr\u0151l<br \/>\uf0b7A fel\u00fcgyeleti hat\u00f3s\u00e1gi panaszt\u00e9telhez val\u00f3 jog (hat\u00f3s\u00e1gi jogorvoslathoz val\u00f3).<br \/>kocog\u00e1s)\u00a0\u00a0<br \/>\uf0b7A fel\u00fcgyeleti hat\u00f3s\u00e1ggal szemben hat\u00e9kony b\u00edr\u00f3s\u00e1gi jogorvoslathoz val\u00f3 jog\u00a0\u00a0<br \/>\uf0b7Az adatkezel\u0151vel vagy az adatfeldolgoz\u00f3val szemben hat\u00e9kony b\u00edr\u00f3s\u00e1gi jogorvoslathoz<br \/>val\u00f3 jog<br \/>JOGORVOSLAT<br \/>\u00c9rintett k\u00e9rhet t\u00e1j\u00e9koztat\u00e1st a szem\u00e9lyes adatok kezel\u00e9s\u00e9r\u0151l, illetve k\u00e9rheti az adatok m\u00f3dos\u00edt\u00e1s\u00e1t<br \/>vagy t\u00f6rl\u00e9s\u00e9t a fent megadott el\u00e9rhet\u0151s\u00e9gen kereszt\u00fcl. Ilyen k\u00e9r\u00e9sek eset\u00e9n az adatkezel\u0151<br \/>k\u00f6teles ezeknek a lehet\u0151 legr\u00f6videbb id\u0151 alatt eleget tenni. Ez az id\u0151 nem lehet 30 napn\u00e1l t\u00f6bb. A<br \/>elt\u00e9r\u0151 szem\u00e9lyes adatokat az adatkezel\u0151 val\u00f3s\u00e1g jav\u00edtani k\u00f6teles. Az adatkezel\u0151 a helyesb\u00edt\u00e9sr\u0151l,<br \/>t\u00f6rl\u00e9sr\u0151l \u00e9rtes\u00edti az \u00e9rintettet \u00e9s mindazokat, akiknek kor\u00e1bban az adatokat adatkezel\u00e9s miatt<br \/>tov\u00e1bb\u00edtotta. Az \u00e9rtes\u00edt\u00e9s mell\u0151zhet\u0151, ha ez az adatkezel\u00e9s c\u00e9lj\u00e1ra val\u00f3 tekintettel az \u00e9rintett jogos<br \/>\u00e9rdek\u00e9t nem s\u00e9rti. Ha b\u00e1rmilyen adat jogellenes, t\u00e9ves, hi\u00e1nyos vagy az adatkezel\u00e9si nyilatkozatban<br \/>felt\u00fcntetett t\u00e1rol\u00e1si id\u0151 lej\u00e1rt, az adatkezel\u0151 azokat t\u00f6rli.<br \/>Az \u00e9rintett tiltakozhat szem\u00e9lyes adat\u00e1nak kezel\u00e9se ellen, ha:<br \/>\uf0b7a szem\u00e9lyes adatok kezel\u00e9se (haszn\u00e1lata) kiz\u00e1r\u00f3lag az adatkezel\u0151 vagy az adatvev\u0151 jog\u00e1nak<br \/>vagy jogos \u00e9rdek\u00e9nek \u00e9rv\u00e9nyes\u00edt\u00e9s\u00e9hez sz\u00fcks\u00e9ges, kiv\u00e9ve, ha az adatkezel\u00e9st t\u00f6rv\u00e9ny rendelte el\u00a0<br \/>\uf0b7a szem\u00e9lyes adat felhaszn\u00e1l\u00e1sa vagy a k\u00f6zvetlen \u00fczletszerz\u00e9s, k\u00f6zv\u00e9lem\u00e9ny-kutat\u00e1s<br \/>vagy tudom\u00e1nyos kutat\u00e1s c\u00e9lj\u00e1ra t\u00f6rt\u00e9nik<br \/>\uf0b7a tiltakoz\u00e1s jog\u00e1nak gyakorl\u00e1s\u00e1t m\u00e1s t\u00f6rv\u00e9ny lehet\u0151v\u00e9 teszi<br \/>Az adatkezel\u0151 az \u00e9rintett szem\u00e9lyek jogellenes kezel\u00e9s\u00e9vel vagy a technikai adatv\u00e9delemmel<br \/>k\u00f6vetelm\u00e9nyeinek megszeg\u00e9s\u00e9vel m\u00e1snak k\u00e1rt megt\u00e9r\u00edti. Az adatkezel\u0151 mentes\u00fcl a felel\u0151ss\u00e9g<br \/>al\u00f3l, ha bizony\u00edtja, hogy a k\u00e1rt az adatkezel\u00e9s k\u00f6r\u00e9n k\u00edv\u00fcl es\u0151 elh\u00e1r\u00edthatatlan ok id\u00e9zte el\u0151. Nem kell<br \/><br \/><br \/><\/p>\t\t\t\t\t\t\t\t<\/div>\n\t\t\t\t<\/div>\n\t\t\t\t<\/div>\n\t\t\t\t\t<\/div>\n\t\t\t\t<\/div>\n\t\t\t\t<\/div>","protected":false},"excerpt":{"rendered":"<p>Terms and Conditions ADATKEZEL\u00c9SI T\u00c1J\u00c9KOZTAT\u00d3 A WEBLAP L\u00c1TOGAT\u00d3I R\u00c9SZ\u00c9RE Hungaro Dealer Kft. mint adatkezel\u0151 a hungarodealer.hu weboldal l\u00e1togat\u00e1s\u00e1ra vonatkoz\u00f3 adatokkalkapcsolatban az al\u00e1bbiak szerint t\u00e1j\u00e9koztatja a felhaszn\u00e1l\u00f3kat, l\u00e1togat\u00f3kat, mint \u00e9rintetteket.\u00a0\u00a0 ADATKEZEL\u0150I ADATOKN\u00e9v: Hungaro Dealer Kft.C\u00edm: 1085 Budapest, J\u00f3zsef krt. 36. fsz. 5.Adatkezel\u0151 k\u00e9pvisel\u0151je: Kerekes Andr\u00e1sAz adatkezel\u0151 adatv\u00e9delemmel kapcsolatos el\u00e9rhet\u0151s\u00e9ge: info@hungarodealer.hu, +36 30 9415 490A GDPR 37. [&hellip;]<\/p>","protected":false},"author":1,"featured_media":0,"parent":0,"menu_order":0,"comment_status":"closed","ping_status":"closed","template":"","meta":{"footnotes":""},"class_list":["post-51","page","type-page","status-publish","hentry"],"_links":{"self":[{"href":"https:\/\/hungarodealer.hu\/hu\/wp-json\/wp\/v2\/pages\/51","targetHints":{"allow":["GET"]}}],"collection":[{"href":"https:\/\/hungarodealer.hu\/hu\/wp-json\/wp\/v2\/pages"}],"about":[{"href":"https:\/\/hungarodealer.hu\/hu\/wp-json\/wp\/v2\/types\/page"}],"author":[{"embeddable":true,"href":"https:\/\/hungarodealer.hu\/hu\/wp-json\/wp\/v2\/users\/1"}],"replies":[{"embeddable":true,"href":"https:\/\/hungarodealer.hu\/hu\/wp-json\/wp\/v2\/comments?post=51"}],"version-history":[{"count":12,"href":"https:\/\/hungarodealer.hu\/hu\/wp-json\/wp\/v2\/pages\/51\/revisions"}],"predecessor-version":[{"id":6937,"href":"https:\/\/hungarodealer.hu\/hu\/wp-json\/wp\/v2\/pages\/51\/revisions\/6937"}],"wp:attachment":[{"href":"https:\/\/hungarodealer.hu\/hu\/wp-json\/wp\/v2\/media?parent=51"}],"curies":[{"name":"wp","href":"https:\/\/api.w.org\/{rel}","templated":true}]}}